{"id":8916,"date":"2025-06-23T10:55:03","date_gmt":"2025-06-23T09:55:03","guid":{"rendered":"https:\/\/www.usgreencardoffice.com\/blog?page_id=8916"},"modified":"2026-03-19T05:46:26","modified_gmt":"2026-03-19T05:46:26","slug":"informazioni-utili","status":"publish","type":"page","link":"https:\/\/www.usgreencardoffice.com\/blog\/it\/informazioni-utili","title":{"rendered":"Informazioni utili"},"content":{"rendered":"\n<h2 class=\"wp-block-heading\"><\/h2>\n\n\n<div class=\"bdpp-wrap bdpp-lite bdpp-post-grid-wrap bdpp-post-data-wrap bdpp-design-2 bdpp-grid-3  bdpp-clearfix\" id=\"bdpp-post-grid-1\">\r\n\t<div class=\"bdpp-post-grid-inr-wrap bdpp-post-data-inr-wrap bdpp-clearfix\"><div class=\"bdpp-post-grid bdpp-col-3 bdpp-columns bdpp-post-15469 bdpp-post-standard bdpp-first bdpp-has-thumb\">\r\n\t<div class=\"bdpp-post-grid-content\">\r\n\t\t\t\t<div class=\"bdpp-post-img-bg\">\r\n\t\t\t<a href=\"https:\/\/www.usgreencardoffice.com\/blog\/it\/10-comuni-fraintendimenti-sul-programma-di-visti-per-la-diversita\">\r\n\t\t\t\t<img decoding=\"async\" src=\"https:\/\/www.usgreencardoffice.com\/blog\/wp-content\/uploads\/2026\/05\/Diversity-Visa-program-facts-and-tips-640x480.png\" class=\"bdpp-img bdpp-post-feat-img\" alt=\"10 equivoci comuni sul programma Diversity Visa\" \/>\r\n\t\t\t<\/a>\r\n\t\t<\/div>\r\n\t\t\r\n\t\t<div class=\"bdpp-post-margin-content\">\r\n\t\t\t\r\n\t\t\t<h2 class=\"bdpp-post-title\">\r\n\t\t\t\t<a href=\"https:\/\/www.usgreencardoffice.com\/blog\/it\/10-comuni-fraintendimenti-sul-programma-di-visti-per-la-diversita\">10 equivoci comuni sul programma Diversity Visa<\/a>\r\n\t\t\t<\/h2>\r\n\r\n\t\t\t\t\t\t<div class=\"bdpp-post-meta bdpp-post-meta-up\">\r\n\t\t\t\t<span class=\"bdpp-post-meta-data bdpp-post-date\"><i class=\"bdpp-fa fa-regular fa-clock\"><\/i>3 Maggio 2026<\/span>\t\t\t<\/div>\r\n\t\t\t\t\t\t<div class=\"bdpp-post-content\">\r\n\t\t\t\t<div class=\"bdpp-post-desc\">E quello che devi sapere davvero Ogni settimana il nostro team dell&#39;US Green Card Office parla con migliaia di persone curiose di conoscere il Programma Diversity Visa. E ogni settimana sentiamo le stesse domande, le stesse preoccupazioni e gli stessi malintesi. Alcuni di questi malintesi sono innocui. Altri, purtroppo, fanno...<\/div>\r\n\t\t\t\t\t\t\t\t\t<a href=\"https:\/\/www.usgreencardoffice.com\/blog\/it\/10-comuni-fraintendimenti-sul-programma-di-visti-per-la-diversita\" class=\"bdpp-rdmr-btn\">Leggi tutto<\/a>\r\n\t\t\t\t\t\t\t<\/div>\r\n\t\t\t\t\t<\/div>\r\n\t<\/div>\r\n<\/div><div class=\"bdpp-post-grid bdpp-col-3 bdpp-columns bdpp-post-6348 bdpp-post-standard bdpp-has-thumb\">\r\n\t<div class=\"bdpp-post-grid-content\">\r\n\t\t\t\t<div class=\"bdpp-post-img-bg\">\r\n\t\t\t<a href=\"https:\/\/www.usgreencardoffice.com\/blog\/it\/cose-la-green-card-usa\">\r\n\t\t\t\t<img decoding=\"async\" src=\"https:\/\/www.usgreencardoffice.com\/blog\/wp-content\/uploads\/2025\/05\/Italia.png\" class=\"bdpp-img bdpp-post-feat-img\" alt=\"Green Card USA e Programma Visti per Diversit\u00e0\" \/>\r\n\t\t\t<\/a>\r\n\t\t<\/div>\r\n\t\t\r\n\t\t<div class=\"bdpp-post-margin-content\">\r\n\t\t\t\r\n\t\t\t<h2 class=\"bdpp-post-title\">\r\n\t\t\t\t<a href=\"https:\/\/www.usgreencardoffice.com\/blog\/it\/cose-la-green-card-usa\">Green Card USA e Programma Visti per Diversit\u00e0<\/a>\r\n\t\t\t<\/h2>\r\n\r\n\t\t\t\t\t\t<div class=\"bdpp-post-meta bdpp-post-meta-up\">\r\n\t\t\t\t<span class=\"bdpp-post-meta-data bdpp-post-date\"><i class=\"bdpp-fa fa-regular fa-clock\"><\/i>8 Giugno 2025<\/span>\t\t\t<\/div>\r\n\t\t\t\t\t\t<div class=\"bdpp-post-content\">\r\n\t\t\t\t<div class=\"bdpp-post-desc\">Il sogno di un nuovo inizio in America Da generazioni, gli Stati Uniti attraggono persone da tutto il mondo che cercano il &quot;Sogno Americano&quot;, la possibilit\u00e0 di una vita migliore, maggiori opportunit\u00e0 e la libert\u00e0 di perseguire i propri obiettivi. Ottenere una Green Card degli Stati Uniti \u00e8 un passo...<\/div>\r\n\t\t\t\t\t\t\t\t\t<a href=\"https:\/\/www.usgreencardoffice.com\/blog\/it\/cose-la-green-card-usa\" class=\"bdpp-rdmr-btn\">Leggi tutto<\/a>\r\n\t\t\t\t\t\t\t<\/div>\r\n\t\t\t\t\t<\/div>\r\n\t<\/div>\r\n<\/div><div class=\"bdpp-post-grid bdpp-col-3 bdpp-columns bdpp-post-6000 bdpp-post-standard bdpp-has-thumb\">\r\n\t<div class=\"bdpp-post-grid-content\">\r\n\t\t\t\t<div class=\"bdpp-post-img-bg\">\r\n\t\t\t<a href=\"https:\/\/www.usgreencardoffice.com\/blog\/it\/7-vantaggi-dell-avere-una-green-card-per-gli-stati-uniti\">\r\n\t\t\t\t<img decoding=\"async\" src=\"https:\/\/www.usgreencardoffice.com\/blog\/wp-content\/uploads\/2025\/05\/Italian.png\" class=\"bdpp-img bdpp-post-feat-img\" alt=\"7 vantaggi di avere una Green Card\" \/>\r\n\t\t\t<\/a>\r\n\t\t<\/div>\r\n\t\t\r\n\t\t<div class=\"bdpp-post-margin-content\">\r\n\t\t\t\r\n\t\t\t<h2 class=\"bdpp-post-title\">\r\n\t\t\t\t<a href=\"https:\/\/www.usgreencardoffice.com\/blog\/it\/7-vantaggi-dell-avere-una-green-card-per-gli-stati-uniti\">7 vantaggi di avere una Green Card<\/a>\r\n\t\t\t<\/h2>\r\n\r\n\t\t\t\t\t\t<div class=\"bdpp-post-meta bdpp-post-meta-up\">\r\n\t\t\t\t<span class=\"bdpp-post-meta-data bdpp-post-date\"><i class=\"bdpp-fa fa-regular fa-clock\"><\/i>7 Giugno 2025<\/span>\t\t\t<\/div>\r\n\t\t\t\t\t\t<div class=\"bdpp-post-content\">\r\n\t\t\t\t<div class=\"bdpp-post-desc\">Probabilmente sai gi\u00e0 che ci sono molti vantaggi nel possedere una Green Card, e il pi\u00f9 ovvio \u00e8 che ti permette di vivere permanentemente negli Stati Uniti. Ma vale la pena approfondire ci\u00f2 che questo ti offre davvero. Mentre i benefici di avere una Green Card non cambiano necessariamente, i...<\/div>\r\n\t\t\t\t\t\t\t\t\t<a href=\"https:\/\/www.usgreencardoffice.com\/blog\/it\/7-vantaggi-dell-avere-una-green-card-per-gli-stati-uniti\" class=\"bdpp-rdmr-btn\">Leggi tutto<\/a>\r\n\t\t\t\t\t\t\t<\/div>\r\n\t\t\t\t\t<\/div>\r\n\t<\/div>\r\n<\/div><div class=\"bdpp-post-grid bdpp-col-3 bdpp-columns bdpp-post-6377 bdpp-post-standard bdpp-first bdpp-has-thumb\">\r\n\t<div class=\"bdpp-post-grid-content\">\r\n\t\t\t\t<div class=\"bdpp-post-img-bg\">\r\n\t\t\t<a href=\"https:\/\/www.usgreencardoffice.com\/blog\/it\/come-fare-domanda-per-una-green-card-basata-sul-matrimonio-negli-usa\">\r\n\t\t\t\t<img decoding=\"async\" src=\"https:\/\/www.usgreencardoffice.com\/blog\/wp-content\/uploads\/2025\/06\/Italian.png\" class=\"bdpp-img bdpp-post-feat-img\" alt=\"Come ottenere una Green Card basata sul matrimonio negli Stati Uniti\" \/>\r\n\t\t\t<\/a>\r\n\t\t<\/div>\r\n\t\t\r\n\t\t<div class=\"bdpp-post-margin-content\">\r\n\t\t\t\r\n\t\t\t<h2 class=\"bdpp-post-title\">\r\n\t\t\t\t<a href=\"https:\/\/www.usgreencardoffice.com\/blog\/it\/come-fare-domanda-per-una-green-card-basata-sul-matrimonio-negli-usa\">Come ottenere una Green Card basata sul matrimonio negli Stati Uniti<\/a>\r\n\t\t\t<\/h2>\r\n\r\n\t\t\t\t\t\t<div class=\"bdpp-post-meta bdpp-post-meta-up\">\r\n\t\t\t\t<span class=\"bdpp-post-meta-data bdpp-post-date\"><i class=\"bdpp-fa fa-regular fa-clock\"><\/i>6 Giugno 2025<\/span>\t\t\t<\/div>\r\n\t\t\t\t\t\t<div class=\"bdpp-post-content\">\r\n\t\t\t\t<div class=\"bdpp-post-desc\">Se hai un coniuge che vive negli Stati Uniti, allora prima di tutto vorremmo congratularci con te. Si spera che tu e il tuo partner abbiate intenzione di trasferirvi negli Stati Uniti e vivere qui permanentemente. Se \u00e8 cos\u00ec, allora dovrai fare domanda per una Green Card basata sul matrimonio....<\/div>\r\n\t\t\t\t\t\t\t\t\t<a href=\"https:\/\/www.usgreencardoffice.com\/blog\/it\/come-fare-domanda-per-una-green-card-basata-sul-matrimonio-negli-usa\" class=\"bdpp-rdmr-btn\">Leggi tutto<\/a>\r\n\t\t\t\t\t\t\t<\/div>\r\n\t\t\t\t\t<\/div>\r\n\t<\/div>\r\n<\/div><div class=\"bdpp-post-grid bdpp-col-3 bdpp-columns bdpp-post-6403 bdpp-post-standard bdpp-has-thumb\">\r\n\t<div class=\"bdpp-post-grid-content\">\r\n\t\t\t\t<div class=\"bdpp-post-img-bg\">\r\n\t\t\t<a href=\"https:\/\/www.usgreencardoffice.com\/blog\/it\/come-posso-fare-domanda-per-una-diversita-carta-verde\">\r\n\t\t\t\t<img decoding=\"async\" src=\"https:\/\/www.usgreencardoffice.com\/blog\/wp-content\/uploads\/2025\/05\/imgi_3_02_American_Green_Card.png\" class=\"bdpp-img bdpp-post-feat-img\" alt=\"Come Posso Fare Domanda per una Diversit\u00e0 Carta Verde?\" \/>\r\n\t\t\t<\/a>\r\n\t\t<\/div>\r\n\t\t\r\n\t\t<div class=\"bdpp-post-margin-content\">\r\n\t\t\t\r\n\t\t\t<h2 class=\"bdpp-post-title\">\r\n\t\t\t\t<a href=\"https:\/\/www.usgreencardoffice.com\/blog\/it\/come-posso-fare-domanda-per-una-diversita-carta-verde\">Come Posso Fare Domanda per una Diversit\u00e0 Carta Verde?<\/a>\r\n\t\t\t<\/h2>\r\n\r\n\t\t\t\t\t\t<div class=\"bdpp-post-meta bdpp-post-meta-up\">\r\n\t\t\t\t<span class=\"bdpp-post-meta-data bdpp-post-date\"><i class=\"bdpp-fa fa-regular fa-clock\"><\/i>5 Giugno 2025<\/span>\t\t\t<\/div>\r\n\t\t\t\t\t\t<div class=\"bdpp-post-content\">\r\n\t\t\t\t<div class=\"bdpp-post-desc\">Quando si tratta di trasferirsi negli Stati Uniti d\u2019America, una delle difficolt\u00e0 che potresti incontrare \u00e8 ottenere un visto o una Green Card. Una delle migliori scelte per un immigrato che si trasferisce negli USA \u00e8 quella di cercare di ottenere una Diversit\u00e0 Carta Verde tramite la Lotteria per i...<\/div>\r\n\t\t\t\t\t\t\t\t\t<a href=\"https:\/\/www.usgreencardoffice.com\/blog\/it\/come-posso-fare-domanda-per-una-diversita-carta-verde\" class=\"bdpp-rdmr-btn\">Leggi tutto<\/a>\r\n\t\t\t\t\t\t\t<\/div>\r\n\t\t\t\t\t<\/div>\r\n\t<\/div>\r\n<\/div><div class=\"bdpp-post-grid bdpp-col-3 bdpp-columns bdpp-post-6082 bdpp-post-standard bdpp-has-thumb\">\r\n\t<div class=\"bdpp-post-grid-content\">\r\n\t\t\t\t<div class=\"bdpp-post-img-bg\">\r\n\t\t\t<a href=\"https:\/\/www.usgreencardoffice.com\/blog\/it\/quali-paesi-sono-ammissibili-alla-lotteria-della-green-card\">\r\n\t\t\t\t<img decoding=\"async\" src=\"https:\/\/www.usgreencardoffice.com\/blog\/wp-content\/uploads\/2025\/05\/Italian-Italiano.png\" class=\"bdpp-img bdpp-post-feat-img\" alt=\"Quali sono i Paesi che possono partecipare alla lotteria della Green Card?\" \/>\r\n\t\t\t<\/a>\r\n\t\t<\/div>\r\n\t\t\r\n\t\t<div class=\"bdpp-post-margin-content\">\r\n\t\t\t\r\n\t\t\t<h2 class=\"bdpp-post-title\">\r\n\t\t\t\t<a href=\"https:\/\/www.usgreencardoffice.com\/blog\/it\/quali-paesi-sono-ammissibili-alla-lotteria-della-green-card\">Quali sono i Paesi che possono partecipare alla lotteria della Green Card?<\/a>\r\n\t\t\t<\/h2>\r\n\r\n\t\t\t\t\t\t<div class=\"bdpp-post-meta bdpp-post-meta-up\">\r\n\t\t\t\t<span class=\"bdpp-post-meta-data bdpp-post-date\"><i class=\"bdpp-fa fa-regular fa-clock\"><\/i>4 Giugno 2025<\/span>\t\t\t<\/div>\r\n\t\t\t\t\t\t<div class=\"bdpp-post-content\">\r\n\t\t\t\t<div class=\"bdpp-post-desc\">La Green Card Lottery, nota anche come Diversity Immigrant Visa Program, \u00e8 un programma creato dal governo federale degli Stati Uniti per assegnare ai vincitori una carta di soggiorno permanente. \u00c8 stato istituito in base all \u201cImmigration Act del 1990 e attualmente si svolge secondo i regolamenti stabiliti dall\u201d Immigration...<\/div>\r\n\t\t\t\t\t\t\t\t\t<a href=\"https:\/\/www.usgreencardoffice.com\/blog\/it\/quali-paesi-sono-ammissibili-alla-lotteria-della-green-card\" class=\"bdpp-rdmr-btn\">Leggi tutto<\/a>\r\n\t\t\t\t\t\t\t<\/div>\r\n\t\t\t\t\t<\/div>\r\n\t<\/div>\r\n<\/div><div class=\"bdpp-post-grid bdpp-col-3 bdpp-columns bdpp-post-6126 bdpp-post-standard bdpp-first bdpp-has-thumb\">\r\n\t<div class=\"bdpp-post-grid-content\">\r\n\t\t\t\t<div class=\"bdpp-post-img-bg\">\r\n\t\t\t<a href=\"https:\/\/www.usgreencardoffice.com\/blog\/it\/il-visto-eb-5-e-una-via-alternativa-per-ottenere-la-green-card\">\r\n\t\t\t\t<img decoding=\"async\" src=\"https:\/\/www.usgreencardoffice.com\/blog\/wp-content\/uploads\/2025\/05\/imgi_3_06_usa-visa-investment-eb5.jpeg\" class=\"bdpp-img bdpp-post-feat-img\" alt=\"Il visto EB-5 \u00e8 una via alternativa per ottenere la Green Card negli Stati Uniti?\" \/>\r\n\t\t\t<\/a>\r\n\t\t<\/div>\r\n\t\t\r\n\t\t<div class=\"bdpp-post-margin-content\">\r\n\t\t\t\r\n\t\t\t<h2 class=\"bdpp-post-title\">\r\n\t\t\t\t<a href=\"https:\/\/www.usgreencardoffice.com\/blog\/it\/il-visto-eb-5-e-una-via-alternativa-per-ottenere-la-green-card\">Il visto EB-5 \u00e8 una via alternativa per ottenere la Green Card negli Stati Uniti?<\/a>\r\n\t\t\t<\/h2>\r\n\r\n\t\t\t\t\t\t<div class=\"bdpp-post-meta bdpp-post-meta-up\">\r\n\t\t\t\t<span class=\"bdpp-post-meta-data bdpp-post-date\"><i class=\"bdpp-fa fa-regular fa-clock\"><\/i>3 Giugno 2025<\/span>\t\t\t<\/div>\r\n\t\t\t\t\t\t<div class=\"bdpp-post-content\">\r\n\t\t\t\t<div class=\"bdpp-post-desc\">Richiedere la residenza permanente o la carta verde \u00e8 il passo successivo pi\u00f9 naturale per chi ha lavorato per pi\u00f9 di dieci anni negli Stati Uniti. Per molti, il periodo di attesa per ottenere la residenza permanente con un visto per immigrati o non immigrati pu\u00f2 variare da due anni...<\/div>\r\n\t\t\t\t\t\t\t\t\t<a href=\"https:\/\/www.usgreencardoffice.com\/blog\/it\/il-visto-eb-5-e-una-via-alternativa-per-ottenere-la-green-card\" class=\"bdpp-rdmr-btn\">Leggi tutto<\/a>\r\n\t\t\t\t\t\t\t<\/div>\r\n\t\t\t\t\t<\/div>\r\n\t<\/div>\r\n<\/div><div class=\"bdpp-post-grid bdpp-col-3 bdpp-columns bdpp-post-6177 bdpp-post-standard bdpp-has-thumb\">\r\n\t<div class=\"bdpp-post-grid-content\">\r\n\t\t\t\t<div class=\"bdpp-post-img-bg\">\r\n\t\t\t<a href=\"https:\/\/www.usgreencardoffice.com\/blog\/it\/come-ottenere-un-visto-studentesco-per-gli-usa\">\r\n\t\t\t\t<img decoding=\"async\" src=\"https:\/\/www.usgreencardoffice.com\/blog\/wp-content\/uploads\/2025\/05\/Italian-3.png\" class=\"bdpp-img bdpp-post-feat-img\" alt=\"Come ottenere un visto per studenti negli Stati Uniti\" \/>\r\n\t\t\t<\/a>\r\n\t\t<\/div>\r\n\t\t\r\n\t\t<div class=\"bdpp-post-margin-content\">\r\n\t\t\t\r\n\t\t\t<h2 class=\"bdpp-post-title\">\r\n\t\t\t\t<a href=\"https:\/\/www.usgreencardoffice.com\/blog\/it\/come-ottenere-un-visto-studentesco-per-gli-usa\">Come ottenere un visto per studenti negli Stati Uniti<\/a>\r\n\t\t\t<\/h2>\r\n\r\n\t\t\t\t\t\t<div class=\"bdpp-post-meta bdpp-post-meta-up\">\r\n\t\t\t\t<span class=\"bdpp-post-meta-data bdpp-post-date\"><i class=\"bdpp-fa fa-regular fa-clock\"><\/i>2 Giugno 2025<\/span>\t\t\t<\/div>\r\n\t\t\t\t\t\t<div class=\"bdpp-post-content\">\r\n\t\t\t\t<div class=\"bdpp-post-desc\">Per chi desidera studiare negli Stati Uniti d&#39;America, ottenere un visto per studenti \u00e8 il primo requisito. Il governo degli Stati Uniti offre opportunit\u00e0 di apprendimento nelle sue istituzioni educative a studenti provenienti da diversi paesi, ma come prerequisito dovrai richiedere un visto per studenti. Gli Stati Uniti offrono diversi...<\/div>\r\n\t\t\t\t\t\t\t\t\t<a href=\"https:\/\/www.usgreencardoffice.com\/blog\/it\/come-ottenere-un-visto-studentesco-per-gli-usa\" class=\"bdpp-rdmr-btn\">Leggi tutto<\/a>\r\n\t\t\t\t\t\t\t<\/div>\r\n\t\t\t\t\t<\/div>\r\n\t<\/div>\r\n<\/div><div class=\"bdpp-post-grid bdpp-col-3 bdpp-columns bdpp-post-6213 bdpp-post-standard bdpp-has-thumb\">\r\n\t<div class=\"bdpp-post-grid-content\">\r\n\t\t\t\t<div class=\"bdpp-post-img-bg\">\r\n\t\t\t<a href=\"https:\/\/www.usgreencardoffice.com\/blog\/it\/storia-della-carta-verde\">\r\n\t\t\t\t<img decoding=\"async\" src=\"https:\/\/www.usgreencardoffice.com\/blog\/wp-content\/uploads\/2025\/05\/imgi_3_08_History_of_the_Green_Card.jpeg\" class=\"bdpp-img bdpp-post-feat-img\" alt=\"Storia della Green Card statunitense\" \/>\r\n\t\t\t<\/a>\r\n\t\t<\/div>\r\n\t\t\r\n\t\t<div class=\"bdpp-post-margin-content\">\r\n\t\t\t\r\n\t\t\t<h2 class=\"bdpp-post-title\">\r\n\t\t\t\t<a href=\"https:\/\/www.usgreencardoffice.com\/blog\/it\/storia-della-carta-verde\">Storia della Green Card statunitense<\/a>\r\n\t\t\t<\/h2>\r\n\r\n\t\t\t\t\t\t<div class=\"bdpp-post-meta bdpp-post-meta-up\">\r\n\t\t\t\t<span class=\"bdpp-post-meta-data bdpp-post-date\"><i class=\"bdpp-fa fa-regular fa-clock\"><\/i>1 Giugno 2025<\/span>\t\t\t<\/div>\r\n\t\t\t\t\t\t<div class=\"bdpp-post-content\">\r\n\t\t\t\t<div class=\"bdpp-post-desc\">Conoscere la storia della Carta Verde La Green Card \u00e8 il documento pi\u00f9 importante per chi desidera risiedere in modo permanente negli Stati Uniti. Qui puoi trovare maggiori informazioni sulla Green Card: chi ne ha bisogno, quali privilegi ti offre e perch\u00e9 non \u00e8 la stessa cosa di un visto...<\/div>\r\n\t\t\t\t\t\t\t\t\t<a href=\"https:\/\/www.usgreencardoffice.com\/blog\/it\/storia-della-carta-verde\" class=\"bdpp-rdmr-btn\">Leggi tutto<\/a>\r\n\t\t\t\t\t\t\t<\/div>\r\n\t\t\t\t\t<\/div>\r\n\t<\/div>\r\n<\/div>\t<\/div>\r\n\t<\/div>\n","protected":false},"excerpt":{"rendered":"","protected":false},"author":11,"featured_media":0,"parent":0,"menu_order":0,"comment_status":"closed","ping_status":"closed","template":"","meta":{"footnotes":""},"class_list":["post-8916","page","type-page","status-publish","hentry"],"_links":{"self":[{"href":"https:\/\/www.usgreencardoffice.com\/blog\/it\/wp-json\/wp\/v2\/pages\/8916","targetHints":{"allow":["GET"]}}],"collection":[{"href":"https:\/\/www.usgreencardoffice.com\/blog\/it\/wp-json\/wp\/v2\/pages"}],"about":[{"href":"https:\/\/www.usgreencardoffice.com\/blog\/it\/wp-json\/wp\/v2\/types\/page"}],"author":[{"embeddable":true,"href":"https:\/\/www.usgreencardoffice.com\/blog\/it\/wp-json\/wp\/v2\/users\/11"}],"replies":[{"embeddable":true,"href":"https:\/\/www.usgreencardoffice.com\/blog\/it\/wp-json\/wp\/v2\/comments?post=8916"}],"version-history":[{"count":5,"href":"https:\/\/www.usgreencardoffice.com\/blog\/it\/wp-json\/wp\/v2\/pages\/8916\/revisions"}],"predecessor-version":[{"id":15280,"href":"https:\/\/www.usgreencardoffice.com\/blog\/it\/wp-json\/wp\/v2\/pages\/8916\/revisions\/15280"}],"wp:attachment":[{"href":"https:\/\/www.usgreencardoffice.com\/blog\/it\/wp-json\/wp\/v2\/media?parent=8916"}],"curies":[{"name":"wp","href":"https:\/\/api.w.org\/{rel}","templated":true}]}}