{"id":8928,"date":"2025-06-23T10:55:03","date_gmt":"2025-06-23T09:55:03","guid":{"rendered":"https:\/\/www.usgreencardoffice.com\/blog?page_id=8928"},"modified":"2026-03-19T05:50:37","modified_gmt":"2026-03-19T05:50:37","slug":"informacion-util","status":"publish","type":"page","link":"https:\/\/www.usgreencardoffice.com\/blog\/es\/informacion-util","title":{"rendered":"Informaci\u00f3n \u00fatil"},"content":{"rendered":"\n<h2 class=\"wp-block-heading\"><\/h2>\n\n\n<div class=\"bdpp-wrap bdpp-lite bdpp-post-grid-wrap bdpp-post-data-wrap bdpp-design-2 bdpp-grid-3  bdpp-clearfix\" id=\"bdpp-post-grid-1\">\r\n\t<div class=\"bdpp-post-grid-inr-wrap bdpp-post-data-inr-wrap bdpp-clearfix\"><div class=\"bdpp-post-grid bdpp-col-3 bdpp-columns bdpp-post-15505 bdpp-post-standard bdpp-first bdpp-has-thumb\">\r\n\t<div class=\"bdpp-post-grid-content\">\r\n\t\t\t\t<div class=\"bdpp-post-img-bg\">\r\n\t\t\t<a href=\"https:\/\/www.usgreencardoffice.com\/blog\/es\/10-malentendidos-frecuentes-sobre-el-programa-de-visados-para-la-diversidad\">\r\n\t\t\t\t<img decoding=\"async\" src=\"https:\/\/www.usgreencardoffice.com\/blog\/wp-content\/uploads\/2026\/05\/Diversity-Visa-program-facts-and-tips-640x480.png\" class=\"bdpp-img bdpp-post-feat-img\" alt=\"10 malentendidos comunes sobre el Programa de Visados de Diversidad\" \/>\r\n\t\t\t<\/a>\r\n\t\t<\/div>\r\n\t\t\r\n\t\t<div class=\"bdpp-post-margin-content\">\r\n\t\t\t\r\n\t\t\t<h2 class=\"bdpp-post-title\">\r\n\t\t\t\t<a href=\"https:\/\/www.usgreencardoffice.com\/blog\/es\/10-malentendidos-frecuentes-sobre-el-programa-de-visados-para-la-diversidad\">10 malentendidos comunes sobre el Programa de Visados de Diversidad<\/a>\r\n\t\t\t<\/h2>\r\n\r\n\t\t\t\t\t\t<div class=\"bdpp-post-meta bdpp-post-meta-up\">\r\n\t\t\t\t<span class=\"bdpp-post-meta-data bdpp-post-date\"><i class=\"bdpp-fa fa-regular fa-clock\"><\/i>3 de mayo de 2026<\/span>\t\t\t<\/div>\r\n\t\t\t\t\t\t<div class=\"bdpp-post-content\">\r\n\t\t\t\t<div class=\"bdpp-post-desc\">Y lo que realmente necesitas saber Cada semana, nuestro equipo de la Oficina de la Tarjeta Verde habla con miles de personas que sienten curiosidad por el Programa de Visados de Diversidad. Y todas las semanas o\u00edmos las mismas preguntas, las mismas preocupaciones y los mismos malentendidos. Algunos de estos...<\/div>\r\n\t\t\t\t\t\t\t\t\t<a href=\"https:\/\/www.usgreencardoffice.com\/blog\/es\/10-malentendidos-frecuentes-sobre-el-programa-de-visados-para-la-diversidad\" class=\"bdpp-rdmr-btn\">Leer m\u00e1s<\/a>\r\n\t\t\t\t\t\t\t<\/div>\r\n\t\t\t\t\t<\/div>\r\n\t<\/div>\r\n<\/div><div class=\"bdpp-post-grid bdpp-col-3 bdpp-columns bdpp-post-6330 bdpp-post-standard bdpp-has-thumb\">\r\n\t<div class=\"bdpp-post-grid-content\">\r\n\t\t\t\t<div class=\"bdpp-post-img-bg\">\r\n\t\t\t<a href=\"https:\/\/www.usgreencardoffice.com\/blog\/es\/que-es-una-tarjeta-verde\">\r\n\t\t\t\t<img decoding=\"async\" src=\"https:\/\/www.usgreencardoffice.com\/blog\/wp-content\/uploads\/2025\/05\/Spanish.jpg\" class=\"bdpp-img bdpp-post-feat-img\" alt=\"Programa de Visas de Diversidad y Tarjeta Verde de EE. UU\" \/>\r\n\t\t\t<\/a>\r\n\t\t<\/div>\r\n\t\t\r\n\t\t<div class=\"bdpp-post-margin-content\">\r\n\t\t\t\r\n\t\t\t<h2 class=\"bdpp-post-title\">\r\n\t\t\t\t<a href=\"https:\/\/www.usgreencardoffice.com\/blog\/es\/que-es-una-tarjeta-verde\">Programa de Visas de Diversidad y Tarjeta Verde de EE. UU<\/a>\r\n\t\t\t<\/h2>\r\n\r\n\t\t\t\t\t\t<div class=\"bdpp-post-meta bdpp-post-meta-up\">\r\n\t\t\t\t<span class=\"bdpp-post-meta-data bdpp-post-date\"><i class=\"bdpp-fa fa-regular fa-clock\"><\/i>8 de junio de 2025<\/span>\t\t\t<\/div>\r\n\t\t\t\t\t\t<div class=\"bdpp-post-content\">\r\n\t\t\t\t<div class=\"bdpp-post-desc\">El Sue\u00f1o de un Nuevo Comienzo en Am\u00e9rica Durante generaciones, Estados Unidos ha atra\u00eddo a personas de todo el mundo que buscan el &quot;Sue\u00f1o Americano&quot;, la oportunidad de una vida mejor, mayores oportunidades y la libertad para perseguir sus metas. Obtener una Tarjeta Verde de EE. UU. es un paso...<\/div>\r\n\t\t\t\t\t\t\t\t\t<a href=\"https:\/\/www.usgreencardoffice.com\/blog\/es\/que-es-una-tarjeta-verde\" class=\"bdpp-rdmr-btn\">Leer m\u00e1s<\/a>\r\n\t\t\t\t\t\t\t<\/div>\r\n\t\t\t\t\t<\/div>\r\n\t<\/div>\r\n<\/div><div class=\"bdpp-post-grid bdpp-col-3 bdpp-columns bdpp-post-6022 bdpp-post-standard bdpp-has-thumb\">\r\n\t<div class=\"bdpp-post-grid-content\">\r\n\t\t\t\t<div class=\"bdpp-post-img-bg\">\r\n\t\t\t<a href=\"https:\/\/www.usgreencardoffice.com\/blog\/es\/7-buenos-beneficios-de-tener-una-tarjeta-verde-para-estados-unidos\">\r\n\t\t\t\t<img decoding=\"async\" src=\"https:\/\/www.usgreencardoffice.com\/blog\/wp-content\/uploads\/2025\/05\/Spanish.png\" class=\"bdpp-img bdpp-post-feat-img\" alt=\"7 Beneficios de Tener una Tarjeta Verde\" \/>\r\n\t\t\t<\/a>\r\n\t\t<\/div>\r\n\t\t\r\n\t\t<div class=\"bdpp-post-margin-content\">\r\n\t\t\t\r\n\t\t\t<h2 class=\"bdpp-post-title\">\r\n\t\t\t\t<a href=\"https:\/\/www.usgreencardoffice.com\/blog\/es\/7-buenos-beneficios-de-tener-una-tarjeta-verde-para-estados-unidos\">7 Beneficios de Tener una Tarjeta Verde<\/a>\r\n\t\t\t<\/h2>\r\n\r\n\t\t\t\t\t\t<div class=\"bdpp-post-meta bdpp-post-meta-up\">\r\n\t\t\t\t<span class=\"bdpp-post-meta-data bdpp-post-date\"><i class=\"bdpp-fa fa-regular fa-clock\"><\/i>7 de junio de 2025<\/span>\t\t\t<\/div>\r\n\t\t\t\t\t\t<div class=\"bdpp-post-content\">\r\n\t\t\t\t<div class=\"bdpp-post-desc\">Probablemente ya sepas que tener una Tarjeta Verde tiene muchos beneficios, y el m\u00e1s obvio es que te permite vivir permanentemente en los Estados Unidos Pero vale la pena profundizar un poco m\u00e1s en lo que realmente ofrece. Si bien los beneficios de tener una Tarjeta Verde no cambian necesariamente,...<\/div>\r\n\t\t\t\t\t\t\t\t\t<a href=\"https:\/\/www.usgreencardoffice.com\/blog\/es\/7-buenos-beneficios-de-tener-una-tarjeta-verde-para-estados-unidos\" class=\"bdpp-rdmr-btn\">Leer m\u00e1s<\/a>\r\n\t\t\t\t\t\t\t<\/div>\r\n\t\t\t\t\t<\/div>\r\n\t<\/div>\r\n<\/div><div class=\"bdpp-post-grid bdpp-col-3 bdpp-columns bdpp-post-6379 bdpp-post-standard bdpp-first bdpp-has-thumb\">\r\n\t<div class=\"bdpp-post-grid-content\">\r\n\t\t\t\t<div class=\"bdpp-post-img-bg\">\r\n\t\t\t<a href=\"https:\/\/www.usgreencardoffice.com\/blog\/es\/como-solicitar-una-tarjeta-verde-basada-en-matrimonio\">\r\n\t\t\t\t<img decoding=\"async\" src=\"https:\/\/www.usgreencardoffice.com\/blog\/wp-content\/uploads\/2025\/06\/Spanish.png\" class=\"bdpp-img bdpp-post-feat-img\" alt=\"C\u00f3mo solicitar una tarjeta verde basada en matrimonio en los EE. UU.\" \/>\r\n\t\t\t<\/a>\r\n\t\t<\/div>\r\n\t\t\r\n\t\t<div class=\"bdpp-post-margin-content\">\r\n\t\t\t\r\n\t\t\t<h2 class=\"bdpp-post-title\">\r\n\t\t\t\t<a href=\"https:\/\/www.usgreencardoffice.com\/blog\/es\/como-solicitar-una-tarjeta-verde-basada-en-matrimonio\">C\u00f3mo solicitar una tarjeta verde basada en matrimonio en los EE. UU.<\/a>\r\n\t\t\t<\/h2>\r\n\r\n\t\t\t\t\t\t<div class=\"bdpp-post-meta bdpp-post-meta-up\">\r\n\t\t\t\t<span class=\"bdpp-post-meta-data bdpp-post-date\"><i class=\"bdpp-fa fa-regular fa-clock\"><\/i>6 de junio de 2025<\/span>\t\t\t<\/div>\r\n\t\t\t\t\t\t<div class=\"bdpp-post-content\">\r\n\t\t\t\t<div class=\"bdpp-post-desc\">Si tienes un c\u00f3nyuge que vive en los Estados Unidos, primero queremos felicitarte. Esperamos que t\u00fa y tu pareja planeen mudarse a los EE. UU. y vivir aqu\u00ed de forma permanente. Si lo haces, entonces necesitar\u00e1s solicitar una Obt\u00e9n una Tarjeta Verde basada en matrimonio en los EE.\u202fUU. con la...<\/div>\r\n\t\t\t\t\t\t\t\t\t<a href=\"https:\/\/www.usgreencardoffice.com\/blog\/es\/como-solicitar-una-tarjeta-verde-basada-en-matrimonio\" class=\"bdpp-rdmr-btn\">Leer m\u00e1s<\/a>\r\n\t\t\t\t\t\t\t<\/div>\r\n\t\t\t\t\t<\/div>\r\n\t<\/div>\r\n<\/div><div class=\"bdpp-post-grid bdpp-col-3 bdpp-columns bdpp-post-6393 bdpp-post-standard bdpp-has-thumb\">\r\n\t<div class=\"bdpp-post-grid-content\">\r\n\t\t\t\t<div class=\"bdpp-post-img-bg\">\r\n\t\t\t<a href=\"https:\/\/www.usgreencardoffice.com\/blog\/es\/como-puedo-solicitar-una-tarjeta-verde-por-diversidad\">\r\n\t\t\t\t<img decoding=\"async\" src=\"https:\/\/www.usgreencardoffice.com\/blog\/wp-content\/uploads\/2025\/05\/imgi_3_02_American_Green_Card.png\" class=\"bdpp-img bdpp-post-feat-img\" alt=\"\u00bfC\u00f3mo puedo solicitar una Tarjeta Verde por Diversidad?\" \/>\r\n\t\t\t<\/a>\r\n\t\t<\/div>\r\n\t\t\r\n\t\t<div class=\"bdpp-post-margin-content\">\r\n\t\t\t\r\n\t\t\t<h2 class=\"bdpp-post-title\">\r\n\t\t\t\t<a href=\"https:\/\/www.usgreencardoffice.com\/blog\/es\/como-puedo-solicitar-una-tarjeta-verde-por-diversidad\">\u00bfC\u00f3mo puedo solicitar una Tarjeta Verde por Diversidad?<\/a>\r\n\t\t\t<\/h2>\r\n\r\n\t\t\t\t\t\t<div class=\"bdpp-post-meta bdpp-post-meta-up\">\r\n\t\t\t\t<span class=\"bdpp-post-meta-data bdpp-post-date\"><i class=\"bdpp-fa fa-regular fa-clock\"><\/i>5 de junio de 2025<\/span>\t\t\t<\/div>\r\n\t\t\t\t\t\t<div class=\"bdpp-post-content\">\r\n\t\t\t\t<div class=\"bdpp-post-desc\">Cuando se trata de mudarse a los Estados Unidos de Am\u00e9rica, uno de los problemas que podr\u00edas tener es obtener una Visa o una Tarjeta Verde por Diversidad. Una de las mejores opciones para un inmigrante que se muda a los EE. UU. es considerar obtener una Tarjeta Verde por...<\/div>\r\n\t\t\t\t\t\t\t\t\t<a href=\"https:\/\/www.usgreencardoffice.com\/blog\/es\/como-puedo-solicitar-una-tarjeta-verde-por-diversidad\" class=\"bdpp-rdmr-btn\">Leer m\u00e1s<\/a>\r\n\t\t\t\t\t\t\t<\/div>\r\n\t\t\t\t\t<\/div>\r\n\t<\/div>\r\n<\/div><div class=\"bdpp-post-grid bdpp-col-3 bdpp-columns bdpp-post-6094 bdpp-post-standard bdpp-has-thumb\">\r\n\t<div class=\"bdpp-post-grid-content\">\r\n\t\t\t\t<div class=\"bdpp-post-img-bg\">\r\n\t\t\t<a href=\"https:\/\/www.usgreencardoffice.com\/blog\/es\/que-paises-son-eligibles-para-la-loteria-de-la-tarjeta-verde\">\r\n\t\t\t\t<img decoding=\"async\" src=\"https:\/\/www.usgreencardoffice.com\/blog\/wp-content\/uploads\/2025\/05\/Spanish-Espanol.png\" class=\"bdpp-img bdpp-post-feat-img\" alt=\"\u00bfQu\u00e9 pa\u00edses pueden optar a la Loter\u00eda de la Tarjeta Verde?\" \/>\r\n\t\t\t<\/a>\r\n\t\t<\/div>\r\n\t\t\r\n\t\t<div class=\"bdpp-post-margin-content\">\r\n\t\t\t\r\n\t\t\t<h2 class=\"bdpp-post-title\">\r\n\t\t\t\t<a href=\"https:\/\/www.usgreencardoffice.com\/blog\/es\/que-paises-son-eligibles-para-la-loteria-de-la-tarjeta-verde\">\u00bfQu\u00e9 pa\u00edses pueden optar a la Loter\u00eda de la Tarjeta Verde?<\/a>\r\n\t\t\t<\/h2>\r\n\r\n\t\t\t\t\t\t<div class=\"bdpp-post-meta bdpp-post-meta-up\">\r\n\t\t\t\t<span class=\"bdpp-post-meta-data bdpp-post-date\"><i class=\"bdpp-fa fa-regular fa-clock\"><\/i>4 de junio de 2025<\/span>\t\t\t<\/div>\r\n\t\t\t\t\t\t<div class=\"bdpp-post-content\">\r\n\t\t\t\t<div class=\"bdpp-post-desc\">La Loter\u00eda de la Tarjeta Verde, tambi\u00e9n conocida como Programa de Visados de Diversidad para Inmigrantes, es un programa creado por el Gobierno Federal de EE.UU. para conceder a los ganadores una tarjeta de residente permanente. Se cre\u00f3 en virtud de la Ley de Inmigraci\u00f3n de 1990 y actualmente se...<\/div>\r\n\t\t\t\t\t\t\t\t\t<a href=\"https:\/\/www.usgreencardoffice.com\/blog\/es\/que-paises-son-eligibles-para-la-loteria-de-la-tarjeta-verde\" class=\"bdpp-rdmr-btn\">Leer m\u00e1s<\/a>\r\n\t\t\t\t\t\t\t<\/div>\r\n\t\t\t\t\t<\/div>\r\n\t<\/div>\r\n<\/div><div class=\"bdpp-post-grid bdpp-col-3 bdpp-columns bdpp-post-6132 bdpp-post-standard bdpp-first bdpp-has-thumb\">\r\n\t<div class=\"bdpp-post-grid-content\">\r\n\t\t\t\t<div class=\"bdpp-post-img-bg\">\r\n\t\t\t<a href=\"https:\/\/www.usgreencardoffice.com\/blog\/es\/es-la-visado-eb-5-una-ruta-alternativa-para-obtener-la-green-card\">\r\n\t\t\t\t<img decoding=\"async\" src=\"https:\/\/www.usgreencardoffice.com\/blog\/wp-content\/uploads\/2025\/05\/imgi_3_06_usa-visa-investment-eb5.jpeg\" class=\"bdpp-img bdpp-post-feat-img\" alt=\"\u00bfEs el visado EB-5 una v\u00eda alternativa para obtener la Tarjeta Verde para EE.UU.?\" \/>\r\n\t\t\t<\/a>\r\n\t\t<\/div>\r\n\t\t\r\n\t\t<div class=\"bdpp-post-margin-content\">\r\n\t\t\t\r\n\t\t\t<h2 class=\"bdpp-post-title\">\r\n\t\t\t\t<a href=\"https:\/\/www.usgreencardoffice.com\/blog\/es\/es-la-visado-eb-5-una-ruta-alternativa-para-obtener-la-green-card\">\u00bfEs el visado EB-5 una v\u00eda alternativa para obtener la Tarjeta Verde para EE.UU.?<\/a>\r\n\t\t\t<\/h2>\r\n\r\n\t\t\t\t\t\t<div class=\"bdpp-post-meta bdpp-post-meta-up\">\r\n\t\t\t\t<span class=\"bdpp-post-meta-data bdpp-post-date\"><i class=\"bdpp-fa fa-regular fa-clock\"><\/i>3 de junio de 2025<\/span>\t\t\t<\/div>\r\n\t\t\t\t\t\t<div class=\"bdpp-post-content\">\r\n\t\t\t\t<div class=\"bdpp-post-desc\">Solicitar la residencia permanente o la tarjeta verde es el siguiente paso natural para quienes han trabajado durante m\u00e1s de una d\u00e9cada en Estados Unidos. Para muchos, el periodo de espera para obtener la residencia permanente con un visado de inmigrante o de no inmigrante puede oscilar entre dos y...<\/div>\r\n\t\t\t\t\t\t\t\t\t<a href=\"https:\/\/www.usgreencardoffice.com\/blog\/es\/es-la-visado-eb-5-una-ruta-alternativa-para-obtener-la-green-card\" class=\"bdpp-rdmr-btn\">Leer m\u00e1s<\/a>\r\n\t\t\t\t\t\t\t<\/div>\r\n\t\t\t\t\t<\/div>\r\n\t<\/div>\r\n<\/div><div class=\"bdpp-post-grid bdpp-col-3 bdpp-columns bdpp-post-6181 bdpp-post-standard bdpp-has-thumb\">\r\n\t<div class=\"bdpp-post-grid-content\">\r\n\t\t\t\t<div class=\"bdpp-post-img-bg\">\r\n\t\t\t<a href=\"https:\/\/www.usgreencardoffice.com\/blog\/es\/visado-de-estudiante-para-ee-uu\">\r\n\t\t\t\t<img decoding=\"async\" src=\"https:\/\/www.usgreencardoffice.com\/blog\/wp-content\/uploads\/2025\/05\/Spanish-3.png\" class=\"bdpp-img bdpp-post-feat-img\" alt=\"C\u00f3mo conseguir un visado de estudiante para EE.UU.\" \/>\r\n\t\t\t<\/a>\r\n\t\t<\/div>\r\n\t\t\r\n\t\t<div class=\"bdpp-post-margin-content\">\r\n\t\t\t\r\n\t\t\t<h2 class=\"bdpp-post-title\">\r\n\t\t\t\t<a href=\"https:\/\/www.usgreencardoffice.com\/blog\/es\/visado-de-estudiante-para-ee-uu\">C\u00f3mo conseguir un visado de estudiante para EE.UU.<\/a>\r\n\t\t\t<\/h2>\r\n\r\n\t\t\t\t\t\t<div class=\"bdpp-post-meta bdpp-post-meta-up\">\r\n\t\t\t\t<span class=\"bdpp-post-meta-data bdpp-post-date\"><i class=\"bdpp-fa fa-regular fa-clock\"><\/i>2 de junio de 2025<\/span>\t\t\t<\/div>\r\n\t\t\t\t\t\t<div class=\"bdpp-post-content\">\r\n\t\t\t\t<div class=\"bdpp-post-desc\">Para cualquier persona que desee estudiar en los Estados Unidos de Am\u00e9rica, el primer requisito es obtener un visado de estudiante. El gobierno estadounidense ofrece oportunidades de aprendizaje en sus instituciones educativas a estudiantes de diversos pa\u00edses, pero como requisito previo, tendr\u00e1s que solicitar un visado de estudiante. Hay varios...<\/div>\r\n\t\t\t\t\t\t\t\t\t<a href=\"https:\/\/www.usgreencardoffice.com\/blog\/es\/visado-de-estudiante-para-ee-uu\" class=\"bdpp-rdmr-btn\">Leer m\u00e1s<\/a>\r\n\t\t\t\t\t\t\t<\/div>\r\n\t\t\t\t\t<\/div>\r\n\t<\/div>\r\n<\/div><div class=\"bdpp-post-grid bdpp-col-3 bdpp-columns bdpp-post-6223 bdpp-post-standard bdpp-has-thumb\">\r\n\t<div class=\"bdpp-post-grid-content\">\r\n\t\t\t\t<div class=\"bdpp-post-img-bg\">\r\n\t\t\t<a href=\"https:\/\/www.usgreencardoffice.com\/blog\/es\/historia-tarjeta-verde-estadounidense\">\r\n\t\t\t\t<img decoding=\"async\" src=\"https:\/\/www.usgreencardoffice.com\/blog\/wp-content\/uploads\/2025\/05\/imgi_3_08_History_of_the_Green_Card.jpeg\" class=\"bdpp-img bdpp-post-feat-img\" alt=\"Historia de la Tarjeta Verde estadounidense\" \/>\r\n\t\t\t<\/a>\r\n\t\t<\/div>\r\n\t\t\r\n\t\t<div class=\"bdpp-post-margin-content\">\r\n\t\t\t\r\n\t\t\t<h2 class=\"bdpp-post-title\">\r\n\t\t\t\t<a href=\"https:\/\/www.usgreencardoffice.com\/blog\/es\/historia-tarjeta-verde-estadounidense\">Historia de la Tarjeta Verde estadounidense<\/a>\r\n\t\t\t<\/h2>\r\n\r\n\t\t\t\t\t\t<div class=\"bdpp-post-meta bdpp-post-meta-up\">\r\n\t\t\t\t<span class=\"bdpp-post-meta-data bdpp-post-date\"><i class=\"bdpp-fa fa-regular fa-clock\"><\/i>1 de junio de 2025<\/span>\t\t\t<\/div>\r\n\t\t\t\t\t\t<div class=\"bdpp-post-content\">\r\n\t\t\t\t<div class=\"bdpp-post-desc\">Conoce la historia de la Carta Verde La Tarjeta Verde estadounidense es el documento m\u00e1s importante para cualquier persona que desee residir permanentemente en Estados Unidos. Aqu\u00ed puedes encontrar m\u00e1s informaci\u00f3n sobre la Tarjeta Verde: qui\u00e9n la necesita, qu\u00e9 privilegios te da y por qu\u00e9 no es lo mismo que...<\/div>\r\n\t\t\t\t\t\t\t\t\t<a href=\"https:\/\/www.usgreencardoffice.com\/blog\/es\/historia-tarjeta-verde-estadounidense\" class=\"bdpp-rdmr-btn\">Leer m\u00e1s<\/a>\r\n\t\t\t\t\t\t\t<\/div>\r\n\t\t\t\t\t<\/div>\r\n\t<\/div>\r\n<\/div>\t<\/div>\r\n\t<\/div>\n","protected":false},"excerpt":{"rendered":"","protected":false},"author":11,"featured_media":0,"parent":0,"menu_order":0,"comment_status":"closed","ping_status":"closed","template":"","meta":{"footnotes":""},"class_list":["post-8928","page","type-page","status-publish","hentry"],"_links":{"self":[{"href":"https:\/\/www.usgreencardoffice.com\/blog\/es\/wp-json\/wp\/v2\/pages\/8928","targetHints":{"allow":["GET"]}}],"collection":[{"href":"https:\/\/www.usgreencardoffice.com\/blog\/es\/wp-json\/wp\/v2\/pages"}],"about":[{"href":"https:\/\/www.usgreencardoffice.com\/blog\/es\/wp-json\/wp\/v2\/types\/page"}],"author":[{"embeddable":true,"href":"https:\/\/www.usgreencardoffice.com\/blog\/es\/wp-json\/wp\/v2\/users\/11"}],"replies":[{"embeddable":true,"href":"https:\/\/www.usgreencardoffice.com\/blog\/es\/wp-json\/wp\/v2\/comments?post=8928"}],"version-history":[{"count":5,"href":"https:\/\/www.usgreencardoffice.com\/blog\/es\/wp-json\/wp\/v2\/pages\/8928\/revisions"}],"predecessor-version":[{"id":15288,"href":"https:\/\/www.usgreencardoffice.com\/blog\/es\/wp-json\/wp\/v2\/pages\/8928\/revisions\/15288"}],"wp:attachment":[{"href":"https:\/\/www.usgreencardoffice.com\/blog\/es\/wp-json\/wp\/v2\/media?parent=8928"}],"curies":[{"name":"wp","href":"https:\/\/api.w.org\/{rel}","templated":true}]}}