{"id":9100,"date":"2025-06-23T10:55:03","date_gmt":"2025-06-23T09:55:03","guid":{"rendered":"https:\/\/www.usgreencardoffice.com\/blog?page_id=9100"},"modified":"2026-03-19T05:46:09","modified_gmt":"2026-03-19T05:46:09","slug":"nutzliche-informationen","status":"publish","type":"page","link":"https:\/\/www.usgreencardoffice.com\/blog\/de\/nutzliche-informationen","title":{"rendered":"N\u00fctzliche Informationen"},"content":{"rendered":"\n<h2 class=\"wp-block-heading\"><\/h2>\n\n\n<div class=\"bdpp-wrap bdpp-lite bdpp-post-grid-wrap bdpp-post-data-wrap bdpp-design-2 bdpp-grid-3  bdpp-clearfix\" id=\"bdpp-post-grid-1\">\r\n\t<div class=\"bdpp-post-grid-inr-wrap bdpp-post-data-inr-wrap bdpp-clearfix\"><div class=\"bdpp-post-grid bdpp-col-3 bdpp-columns bdpp-post-15421 bdpp-post-standard bdpp-first bdpp-has-thumb\">\r\n\t<div class=\"bdpp-post-grid-content\">\r\n\t\t\t\t<div class=\"bdpp-post-img-bg\">\r\n\t\t\t<a href=\"https:\/\/www.usgreencardoffice.com\/blog\/de\/10-verbreitete-missverstandnisse-uber-das-visumsprogramm-der-vielfalt\">\r\n\t\t\t\t<img decoding=\"async\" src=\"https:\/\/www.usgreencardoffice.com\/blog\/wp-content\/uploads\/2026\/05\/Diversity-Visa-program-facts-and-tips-640x480.png\" class=\"bdpp-img bdpp-post-feat-img\" alt=\"10 h\u00e4ufige Missverst\u00e4ndnisse \u00fcber das Diversity Visa Programm\" \/>\r\n\t\t\t<\/a>\r\n\t\t<\/div>\r\n\t\t\r\n\t\t<div class=\"bdpp-post-margin-content\">\r\n\t\t\t\r\n\t\t\t<h2 class=\"bdpp-post-title\">\r\n\t\t\t\t<a href=\"https:\/\/www.usgreencardoffice.com\/blog\/de\/10-verbreitete-missverstandnisse-uber-das-visumsprogramm-der-vielfalt\">10 h\u00e4ufige Missverst\u00e4ndnisse \u00fcber das Diversity Visa Programm<\/a>\r\n\t\t\t<\/h2>\r\n\r\n\t\t\t\t\t\t<div class=\"bdpp-post-meta bdpp-post-meta-up\">\r\n\t\t\t\t<span class=\"bdpp-post-meta-data bdpp-post-date\"><i class=\"bdpp-fa fa-regular fa-clock\"><\/i>3. Mai 2026<\/span>\t\t\t<\/div>\r\n\t\t\t\t\t\t<div class=\"bdpp-post-content\">\r\n\t\t\t\t<div class=\"bdpp-post-desc\">Und was Sie wirklich wissen m\u00fcssen Jede Woche spricht unser Team im US Green Card Office mit Tausenden von Menschen, die sich f\u00fcr das Diversity Visa Programm interessieren. Und jede Woche h\u00f6ren wir die gleichen Fragen, die gleichen Sorgen und die gleichen Missverst\u00e4ndnisse. Einige dieser Missverst\u00e4ndnisse sind harmlos. Andere f\u00fchren...<\/div>\r\n\t\t\t\t\t\t\t\t\t<a href=\"https:\/\/www.usgreencardoffice.com\/blog\/de\/10-verbreitete-missverstandnisse-uber-das-visumsprogramm-der-vielfalt\" class=\"bdpp-rdmr-btn\">Weiterlesen<\/a>\r\n\t\t\t\t\t\t\t<\/div>\r\n\t\t\t\t\t<\/div>\r\n\t<\/div>\r\n<\/div><div class=\"bdpp-post-grid bdpp-col-3 bdpp-columns bdpp-post-9058 bdpp-post-standard bdpp-has-thumb\">\r\n\t<div class=\"bdpp-post-grid-content\">\r\n\t\t\t\t<div class=\"bdpp-post-img-bg\">\r\n\t\t\t<a href=\"https:\/\/www.usgreencardoffice.com\/blog\/de\/ist-das-eb-5-visum-ein-alternativer-weg-um-eine-green-card-zu-erhalten\">\r\n\t\t\t\t<img decoding=\"async\" src=\"https:\/\/www.usgreencardoffice.com\/blog\/wp-content\/uploads\/2025\/05\/imgi_3_06_usa-visa-investment-eb5.jpeg\" class=\"bdpp-img bdpp-post-feat-img\" alt=\"Ist das EB-5-Visum ein alternativer Weg, um eine Green Card f\u00fcr die USA zu erhalten?\" \/>\r\n\t\t\t<\/a>\r\n\t\t<\/div>\r\n\t\t\r\n\t\t<div class=\"bdpp-post-margin-content\">\r\n\t\t\t\r\n\t\t\t<h2 class=\"bdpp-post-title\">\r\n\t\t\t\t<a href=\"https:\/\/www.usgreencardoffice.com\/blog\/de\/ist-das-eb-5-visum-ein-alternativer-weg-um-eine-green-card-zu-erhalten\">Ist das EB-5-Visum ein alternativer Weg, um eine Green Card f\u00fcr die USA zu erhalten?<\/a>\r\n\t\t\t<\/h2>\r\n\r\n\t\t\t\t\t\t<div class=\"bdpp-post-meta bdpp-post-meta-up\">\r\n\t\t\t\t<span class=\"bdpp-post-meta-data bdpp-post-date\"><i class=\"bdpp-fa fa-regular fa-clock\"><\/i>3. Juni 2025<\/span>\t\t\t<\/div>\r\n\t\t\t\t\t\t<div class=\"bdpp-post-content\">\r\n\t\t\t\t<div class=\"bdpp-post-desc\">Die Beantragung der dauerhaften Aufenthaltsgenehmigung oder Green Card ist der nat\u00fcrliche n\u00e4chste Schritt f\u00fcr diejenigen, die seit mehr als einem Jahrzehnt in den USA gearbeitet haben. F\u00fcr viele kann die Wartezeit auf den Erhalt der dauerhaften Aufenthaltsgenehmigung mit einem Einwanderungs- oder Nichteinwanderungsvisum im Durchschnitt zwischen zwei und zwanzig Jahren liegen....<\/div>\r\n\t\t\t\t\t\t\t\t\t<a href=\"https:\/\/www.usgreencardoffice.com\/blog\/de\/ist-das-eb-5-visum-ein-alternativer-weg-um-eine-green-card-zu-erhalten\" class=\"bdpp-rdmr-btn\">Weiterlesen<\/a>\r\n\t\t\t\t\t\t\t<\/div>\r\n\t\t\t\t\t<\/div>\r\n\t<\/div>\r\n<\/div>\t<\/div>\r\n\t<\/div>\n","protected":false},"excerpt":{"rendered":"","protected":false},"author":11,"featured_media":0,"parent":0,"menu_order":0,"comment_status":"closed","ping_status":"closed","template":"","meta":{"footnotes":""},"class_list":["post-9100","page","type-page","status-publish","hentry"],"_links":{"self":[{"href":"https:\/\/www.usgreencardoffice.com\/blog\/de\/wp-json\/wp\/v2\/pages\/9100","targetHints":{"allow":["GET"]}}],"collection":[{"href":"https:\/\/www.usgreencardoffice.com\/blog\/de\/wp-json\/wp\/v2\/pages"}],"about":[{"href":"https:\/\/www.usgreencardoffice.com\/blog\/de\/wp-json\/wp\/v2\/types\/page"}],"author":[{"embeddable":true,"href":"https:\/\/www.usgreencardoffice.com\/blog\/de\/wp-json\/wp\/v2\/users\/11"}],"replies":[{"embeddable":true,"href":"https:\/\/www.usgreencardoffice.com\/blog\/de\/wp-json\/wp\/v2\/comments?post=9100"}],"version-history":[{"count":5,"href":"https:\/\/www.usgreencardoffice.com\/blog\/de\/wp-json\/wp\/v2\/pages\/9100\/revisions"}],"predecessor-version":[{"id":15279,"href":"https:\/\/www.usgreencardoffice.com\/blog\/de\/wp-json\/wp\/v2\/pages\/9100\/revisions\/15279"}],"wp:attachment":[{"href":"https:\/\/www.usgreencardoffice.com\/blog\/de\/wp-json\/wp\/v2\/media?parent=9100"}],"curies":[{"name":"wp","href":"https:\/\/api.w.org\/{rel}","templated":true}]}}