{"id":8910,"date":"2025-06-23T10:55:03","date_gmt":"2025-06-23T09:55:03","guid":{"rendered":"https:\/\/www.usgreencardoffice.com\/blog?page_id=8910"},"modified":"2026-03-19T05:45:13","modified_gmt":"2026-03-19T05:45:13","slug":"nyttig-information","status":"publish","type":"page","link":"https:\/\/www.usgreencardoffice.com\/blog\/da\/nyttig-information","title":{"rendered":"Nyttig information"},"content":{"rendered":"\n<h2 class=\"wp-block-heading\"><\/h2>\n\n\n<div class=\"bdpp-wrap bdpp-lite bdpp-post-grid-wrap bdpp-post-data-wrap bdpp-design-2 bdpp-grid-3  bdpp-clearfix\" id=\"bdpp-post-grid-1\">\r\n\t<div class=\"bdpp-post-grid-inr-wrap bdpp-post-data-inr-wrap bdpp-clearfix\"><div class=\"bdpp-post-grid bdpp-col-3 bdpp-columns bdpp-post-15541 bdpp-post-standard bdpp-first bdpp-has-thumb\">\r\n\t<div class=\"bdpp-post-grid-content\">\r\n\t\t\t\t<div class=\"bdpp-post-img-bg\">\r\n\t\t\t<a href=\"https:\/\/www.usgreencardoffice.com\/blog\/da\/10-almindelige-misforstaelser-om-mangfoldigheds-visa-programmet\">\r\n\t\t\t\t<img decoding=\"async\" src=\"https:\/\/www.usgreencardoffice.com\/blog\/wp-content\/uploads\/2026\/05\/Diversity-Visa-program-facts-and-tips-640x480.png\" class=\"bdpp-img bdpp-post-feat-img\" alt=\"10 almindelige misforst\u00e5elser om Diversity Visa-programmet\" \/>\r\n\t\t\t<\/a>\r\n\t\t<\/div>\r\n\t\t\r\n\t\t<div class=\"bdpp-post-margin-content\">\r\n\t\t\t\r\n\t\t\t<h2 class=\"bdpp-post-title\">\r\n\t\t\t\t<a href=\"https:\/\/www.usgreencardoffice.com\/blog\/da\/10-almindelige-misforstaelser-om-mangfoldigheds-visa-programmet\">10 almindelige misforst\u00e5elser om Diversity Visa-programmet<\/a>\r\n\t\t\t<\/h2>\r\n\r\n\t\t\t\t\t\t<div class=\"bdpp-post-meta bdpp-post-meta-up\">\r\n\t\t\t\t<span class=\"bdpp-post-meta-data bdpp-post-date\"><i class=\"bdpp-fa fa-regular fa-clock\"><\/i>3. maj 2026<\/span>\t\t\t<\/div>\r\n\t\t\t\t\t\t<div class=\"bdpp-post-content\">\r\n\t\t\t\t<div class=\"bdpp-post-desc\">Og hvad du virkelig har brug for at vide Hver uge taler vores team p\u00e5 US Green Card Office med tusindvis af mennesker, der er nysgerrige p\u00e5 Diversity Visa-programmet. Og hver uge h\u00f8rer vi de samme sp\u00f8rgsm\u00e5l, de samme bekymringer og de samme misforst\u00e5elser. Nogle af disse misforst\u00e5elser er harml\u00f8se....<\/div>\r\n\t\t\t\t\t\t\t\t\t<a href=\"https:\/\/www.usgreencardoffice.com\/blog\/da\/10-almindelige-misforstaelser-om-mangfoldigheds-visa-programmet\" class=\"bdpp-rdmr-btn\">Read More<\/a>\r\n\t\t\t\t\t\t\t<\/div>\r\n\t\t\t\t\t<\/div>\r\n\t<\/div>\r\n<\/div><div class=\"bdpp-post-grid bdpp-col-3 bdpp-columns bdpp-post-6118 bdpp-post-standard bdpp-has-thumb\">\r\n\t<div class=\"bdpp-post-grid-content\">\r\n\t\t\t\t<div class=\"bdpp-post-img-bg\">\r\n\t\t\t<a href=\"https:\/\/www.usgreencardoffice.com\/blog\/da\/er-eb-5-visummet-en-alternativ-vej-til-at-fa-et-green-card\">\r\n\t\t\t\t<img decoding=\"async\" src=\"https:\/\/www.usgreencardoffice.com\/blog\/wp-content\/uploads\/2025\/05\/imgi_3_06_usa-visa-investment-eb5.jpeg\" class=\"bdpp-img bdpp-post-feat-img\" alt=\"Er EB-5 Visa en alternativ vej til at f\u00e5 et Green Card til USA?\" \/>\r\n\t\t\t<\/a>\r\n\t\t<\/div>\r\n\t\t\r\n\t\t<div class=\"bdpp-post-margin-content\">\r\n\t\t\t\r\n\t\t\t<h2 class=\"bdpp-post-title\">\r\n\t\t\t\t<a href=\"https:\/\/www.usgreencardoffice.com\/blog\/da\/er-eb-5-visummet-en-alternativ-vej-til-at-fa-et-green-card\">Er EB-5 Visa en alternativ vej til at f\u00e5 et Green Card til USA?<\/a>\r\n\t\t\t<\/h2>\r\n\r\n\t\t\t\t\t\t<div class=\"bdpp-post-meta bdpp-post-meta-up\">\r\n\t\t\t\t<span class=\"bdpp-post-meta-data bdpp-post-date\"><i class=\"bdpp-fa fa-regular fa-clock\"><\/i>3. juni 2025<\/span>\t\t\t<\/div>\r\n\t\t\t\t\t\t<div class=\"bdpp-post-content\">\r\n\t\t\t\t<div class=\"bdpp-post-desc\">At ans\u00f8ge om permanent opholdstilladelse eller green card er det naturlige n\u00e6ste skridt for dem, der har arbejdet i mere end et \u00e5rti i USA. For mange kan ventetiden p\u00e5 at f\u00e5 permanent opholdstilladelse p\u00e5 et immigrant- eller ikke-immigrantvisum variere fra mellem to \u00e5r til 20 \u00e5r i gennemsnit. Et...<\/div>\r\n\t\t\t\t\t\t\t\t\t<a href=\"https:\/\/www.usgreencardoffice.com\/blog\/da\/er-eb-5-visummet-en-alternativ-vej-til-at-fa-et-green-card\" class=\"bdpp-rdmr-btn\">Read More<\/a>\r\n\t\t\t\t\t\t\t<\/div>\r\n\t\t\t\t\t<\/div>\r\n\t<\/div>\r\n<\/div>\t<\/div>\r\n\t<\/div>\n","protected":false},"excerpt":{"rendered":"","protected":false},"author":11,"featured_media":0,"parent":0,"menu_order":0,"comment_status":"closed","ping_status":"closed","template":"","meta":{"footnotes":""},"class_list":["post-8910","page","type-page","status-publish","hentry"],"_links":{"self":[{"href":"https:\/\/www.usgreencardoffice.com\/blog\/da\/wp-json\/wp\/v2\/pages\/8910","targetHints":{"allow":["GET"]}}],"collection":[{"href":"https:\/\/www.usgreencardoffice.com\/blog\/da\/wp-json\/wp\/v2\/pages"}],"about":[{"href":"https:\/\/www.usgreencardoffice.com\/blog\/da\/wp-json\/wp\/v2\/types\/page"}],"author":[{"embeddable":true,"href":"https:\/\/www.usgreencardoffice.com\/blog\/da\/wp-json\/wp\/v2\/users\/11"}],"replies":[{"embeddable":true,"href":"https:\/\/www.usgreencardoffice.com\/blog\/da\/wp-json\/wp\/v2\/comments?post=8910"}],"version-history":[{"count":5,"href":"https:\/\/www.usgreencardoffice.com\/blog\/da\/wp-json\/wp\/v2\/pages\/8910\/revisions"}],"predecessor-version":[{"id":15277,"href":"https:\/\/www.usgreencardoffice.com\/blog\/da\/wp-json\/wp\/v2\/pages\/8910\/revisions\/15277"}],"wp:attachment":[{"href":"https:\/\/www.usgreencardoffice.com\/blog\/da\/wp-json\/wp\/v2\/media?parent=8910"}],"curies":[{"name":"wp","href":"https:\/\/api.w.org\/{rel}","templated":true}]}}